{"id":25311,"date":"2024-07-29T16:43:20","date_gmt":"2024-07-29T16:43:20","guid":{"rendered":"https:\/\/www.grupefebe.com\/?page_id=25311"},"modified":"2024-07-29T16:44:32","modified_gmt":"2024-07-29T16:44:32","slug":"privacy-policy","status":"publish","type":"page","link":"https:\/\/mail.grupefebe.com\/en\/privacy-policy\/","title":{"rendered":"Privacy Policy"},"content":{"rendered":"<p><strong>Basic Information on Data Protection<\/strong><\/p>\n<table>\n<tbody>\n<tr>\n<td width=\"105\"><strong>Responsible<\/strong><\/td>\n<td width=\"524\">GRUP DE PROMOCI\u00d3 I DISSENY EFEB\u00c9, S.L.U.<\/td>\n<td width=\"0\"><\/td>\n<\/tr>\n<tr>\n<td width=\"105\"><\/td>\n<td width=\"524\"><\/td>\n<td width=\"0\"><\/td>\n<\/tr>\n<tr>\n<td rowspan=\"2\" width=\"105\"><strong>Purpose<\/strong><\/td>\n<td width=\"524\">Management of newsletter subscriptions<\/td>\n<td width=\"0\"><\/td>\n<\/tr>\n<tr>\n<td rowspan=\"2\" width=\"524\">Commercial Communications related to our services<\/td>\n<td width=\"0\"><\/td>\n<\/tr>\n<tr>\n<td width=\"105\"><\/td>\n<\/tr>\n<tr>\n<td width=\"105\"><\/td>\n<td width=\"524\"><\/td>\n<td width=\"0\"><\/td>\n<\/tr>\n<tr>\n<td width=\"105\"><strong>Legitimation\u00a0\u00a0<\/strong><\/td>\n<td width=\"524\">Express consent and legitimate interest<\/td>\n<td width=\"0\"><\/td>\n<\/tr>\n<tr>\n<td width=\"105\"><\/td>\n<td width=\"524\"><\/td>\n<td width=\"0\"><\/td>\n<\/tr>\n<tr>\n<td width=\"105\"><strong>Recipients<\/strong><\/td>\n<td width=\"524\">No data is transferred to third parties, except for legal obligations.<\/td>\n<td width=\"0\"><\/td>\n<\/tr>\n<tr>\n<td width=\"105\"><\/td>\n<td width=\"524\"><\/td>\n<td width=\"0\"><\/td>\n<\/tr>\n<tr>\n<td width=\"105\"><\/td>\n<td width=\"524\">Accedir, rectificar i suprimir les dades, aix\u00ed<\/td>\n<td width=\"0\"><\/td>\n<\/tr>\n<tr>\n<td width=\"105\"><strong>Rights<\/strong><\/td>\n<td width=\"524\">Acces, rectify and delete data as well as other rights, as explained in the additional information<\/td>\n<td width=\"0\"><\/td>\n<\/tr>\n<tr>\n<td width=\"105\"><\/td>\n<td width=\"524\"><\/td>\n<td width=\"0\"><\/td>\n<\/tr>\n<tr>\n<td width=\"105\"><\/td>\n<td width=\"524\"><\/td>\n<td width=\"0\"><\/td>\n<\/tr>\n<tr>\n<td width=\"105\"><\/td>\n<td width=\"524\"><\/td>\n<td width=\"0\"><\/td>\n<\/tr>\n<tr>\n<td width=\"105\"><\/td>\n<td width=\"524\"><\/td>\n<td width=\"0\"><\/td>\n<\/tr>\n<tr>\n<td width=\"105\"><\/td>\n<td width=\"524\"><\/td>\n<td width=\"0\"><\/td>\n<\/tr>\n<\/tbody>\n<\/table>\n<p>&nbsp;<\/p>\n<p>At GRUP DE PROMOCI\u00d3 I DISSENY EFEB\u00c9, we work to offer you the best possible experience through our products and services. In some cases, it is necessary to collect information to achieve this. We care about your privacy and believe in being transparent about it.<br \/>\nTherefore, in accordance with REGULATION (EU) 2016\/679 OF THE EUROPEAN PARLIAMENT AND OF THE COUNCIL of April 27, 2016 (hereinafter, \u201cGDPR\u201d) on the protection of individuals concerning the processing of personal data and the free movement of such data, and LAW 34\/2002, of July 11, on Information Society Services and Electronic Commerce (hereinafter, \u201cLSSI\u201d), GRUP DE PROMOCI\u00d3 I DISSENY EFEB\u00c9, S.L.U. informs the user that, as the data controller, it will incorporate personal data provided by users into an automated file.<\/p>\n<p>Our commitment begins by explaining the following:<\/p>\n<p>\u2022 Your data is collected to improve the user experience, taking into account your interests and needs.<br \/>\n\u2022 We are transparent about the data we obtain about you and the reason for doing so.<br \/>\n\u2022 Our intention is to offer you the best possible experience. Therefore, when we use your personal information, we will always do so in compliance with regulations, and when necessary, we will ask for your consent.<br \/>\n\u2022 We understand that your data belongs to you. Therefore, if you decide not to authorize us to process it, you can ask us to stop processing it.<\/p>\n<p>\u2022 Our priority is to ensure your security and process your data in accordance with European regulations.<\/p>\n<p>If you want more information about the processing of your data, consult the different sections of the privacy policy below:<\/p>\n<h3>Who is responsible for processing your personal data?<\/h3>\n<p>Identity: GRUP DE PROMOCI\u00d3 I DISSENY EFEB\u00c9, S.L.U.<br \/>\nRegistered office: C\/ Villar, 74, LC, 2b<br \/>\nTax ID number: B61575825<br \/>\nEmail: administracio@grupefebe.com<\/p>\n<p>GRUP DE PROMOCI\u00d3 I DISSENY EFEB\u00c9 has appointed a Data Protection Officer or an internal contact person within its organization. If you want to make an inquiry regarding the processing of your personal data, you can contact them through the email administracio@grupefebe.com<\/p>\n<h3>What personal data do we collect?<\/h3>\n<p>The personal data that the user may provide:<\/p>\n<p>\u2022 Name and Surname<br \/>\n\u2022 Phone number<br \/>\n\u2022 Address and Postal Code<br \/>\n\u2022 Email<br \/>\n\u2022 Location<br \/>\n\u2022 IP address, date and time of access to our services, internet browser used, and data about the device\u2019s operating system.<\/p>\n<p>In some cases, filling out the registration form is mandatory to access and enjoy certain services offered on the website. Not providing the requested personal data or not accepting this data protection policy may result in the impossibility of subscribing, registering, or participating in promotions that request personal data.<\/p>\n<h3>Why and for what purpose do we process your data?<\/h3>\n<p>At GRUP DE PROMOCI\u00d3 I DISSENY EFEB\u00c9, we process the information provided by interested parties for the following purposes:<\/p>\n<p>\u2022 Manage the sending of requested information and any other inquiries that may arise and are not subject to the conditions of the Website or the hiring of the service.<br \/>\n\u2022 Manage Subscriptions to our Newsletter for the notification of new posts.<br \/>\n\u2022 Develop commercial actions and carry out the maintenance and management of the relationship with the user, as well as the management of services offered through the website and information tasks.<br \/>\n\u2022 Develop promotional activities that may be organized.<br \/>\n\u2022 In some cases, it will be necessary to provide information to Authorities or third-party companies for audit reasons, as well as to handle personal data from invoices, contracts, and documents to respond to customer claims or Public Administrations.<\/p>\n<p>We inform you that the personal data obtained as a result of your registration as a user will be part of the Register of Activities and Treatment Operations (RAT) where GRUP DE PROMOCI\u00d3 I DISSENY EFEB\u00c9, S.L.U. is the owner, which will be periodically updated in accordance with the GDPR.<\/p>\n<h3>What is the legal basis for processing your data?<\/h3>\n<p>The processing of your data may be based on the following legal bases:<\/p>\n<p>\u2022 Consent of the interested party for the hiring of services through contact forms, requests for information, or subscription to newsletters (subscription to our Blog).<br \/>\n\u2022 Legitimate interest for the processing of data of our clients in direct marketing actions and express consent of the interested party for everything related to automatic assessments and profile creation.<br \/>\n\u2022 Compliance with legal obligations for fraud prevention, communication with public authorities, and claims from third parties.<\/p>\n<h3>How long do we keep your data?<\/h3>\n<p>The processing of data for the purposes described will be maintained for the time strictly necessary to fulfill the purpose of its collection (for example, for the duration of the commercial relationship), as well as for the fulfillment of legal obligations arising from the data processing.<\/p>\n<h3>Who are your data communicated to?<\/h3>\n<p>In some cases, only when necessary, GRUP DE PROMOCI\u00d3 I DISSENY EFEB\u00c9 will provide user data to third parties. However, data will never be sold to third parties. External service providers (for example, payment providers or delivery companies) with whom GRUP DE PROMOCI\u00d3 I DISSENY EFEB\u00c9 works may use the data to provide the corresponding services, but they will not use this information for their own purposes or transfer it to third parties.<\/p>\n<p>GRUP DE PROMOCI\u00d3 I DISSENY EFEB\u00c9 seeks to ensure the security of personal data when sent outside the company and ensures that third-party service providers respect confidentiality and have adequate measures to protect personal data. These third parties are obliged to ensure that the information is processed in accordance with data privacy regulations.<\/p>\n<p>In some cases, the law may require personal data to be disclosed to public bodies or other parties; only the strictly necessary data will be disclosed to comply with these legal obligations. The personal data obtained may also be shared with other companies in the group.<\/p>\n<h3>Where are your data stored?<\/h3>\n<p>In general, data is stored within the EU. Data sent to third parties outside the EU will be ensured to provide an adequate level of protection, as they have Binding Corporate Rules (BCR).<\/p>\n<h3>What rights do you have and how can you exercise them?<\/h3>\n<p>You can address your communications and exercise your rights by submitting a request to the following email: administracio@grupefebe.com.<\/p>\n<p>According to the GDPR, you can request:<\/p>\n<p>\u2022 Right of access and rectification (Art.15 and 16 GDPR and 13 and 13 and 14 LOPDGDD): The user has the right to obtain information about the personal data processed by GRUP DE PROMOCI\u00d3 I DISSENY EFEB\u00c9 and for what purposes they have been used. The user also has the right, at any time, to request correction of any inaccurate or incomplete personal data.<br \/>\n\u2022 Right to erasure and oblivion (Art.17 GDPR and 15 LOPDGDD): The user has the right to obtain the deletion of personal data concerning them when the personal data is no longer necessary for the purposes for which it was collected or otherwise processed. If you have given your consent at any time for the processing of personal data, there will always be the possibility to withdraw such consent for any future processing dependent on it.<\/p>\n<p>\u2022 Right to limit processing: The user has the right to request the limitation of the processing of their personal data, in which case GRUP DE PROMOCI\u00d3 I DISSENY EFEB\u00c9 would only keep them for the exercise or defense of claims.<br \/>\n\u2022 Right to object (Art.21 and 22 GDPR and 18 LOPDGDD): The user has the right to object to the processing of their data as provided in Articles 21 and 22 of the GDPR. GRUP DE PROMOCI\u00d3 I DISSENY EFEB\u00c9 informs the user that even if they oppose certain processing, GRUP DE PROMOCI\u00d3 I DISSENY EFEB\u00c9 may continue such processing if it is based on another legitimate basis, for example, to provide services or to fulfill legal obligations.<br \/>\n\u2022 Right to portability (Art.20 GDPR and 17 LOPDGDD): In some cases, you can request a copy of personal data in a structured, commonly used, and machine-readable format for transmission to another data controller.<br \/>\n\u2022 Right not to be subject to individualized decisions: You can request that decisions based solely on automated processing, including profiling, that produce legal effects or significantly affect the data subject, not be made.<\/p>\n<p>In some cases, the request may be rejected if you request the deletion of data necessary for compliance with legal obligations.<\/p>\n<p>Also, if you have any complaints about the data processing, you can file a complaint with the data protection authority.<\/p>\n<h3>Who is responsible for the accuracy and truthfulness of the data provided?<\/h3>\n<p>The user is solely responsible for the accuracy and correctness of the included data, releasing GRUP DE PROMOCI\u00d3 I DISSENY EFEB\u00c9 from any responsibility in this regard. Users guarantee and respond, in any case, for the accuracy, validity, and authenticity of the personal data provided and undertake to keep it duly updated. The user agrees to provide complete and correct information in the registration or subscription form. GRUP DE PROMOCI\u00d3 I DISSENY EFEB\u00c9 reserves the right to terminate the contracted services with users if the data provided is false, incomplete, inaccurate, or not updated.<\/p>\n<p>GRUP DE PROMOCI\u00d3 I DISSENY EFEB\u00c9 is not responsible for the accuracy of information not of its own elaboration and indicated as from another source, so it also assumes no responsibility for any hypothetical damages that may arise from the use of such information.<\/p>\n<p>GRUP DE PROMOCI\u00d3 I DISSENY EFEB\u00c9 reserves the right to update, modify, or delete the information contained on its websites, and may even limit or deny access to such information. GRUP DE PROMOCI\u00d3 I DISSENY EFEB\u00c9 is exempt from responsibility for any damage or harm that the user may suffer as a result of errors, defects, or omissions in the information provided by GRUP DE PROMOCI\u00d3 I DISSENY EFEB\u00c9, provided that it comes from sources outside it.<\/p>\n<p>Likewise, the user certifies that they are over 14 years of age and have the necessary legal capacity to give consent regarding the processing of their personal data.<\/p>\n<h3>How do we process the personal data of minors?<\/h3>\n<p>In principle, our services are not specifically aimed at minors. However, in the event that any of them is directed at minors under fourteen years of age, in accordance with Article 8 of the GDPR and Article 7 of Organic Law 3\/2018, of December 5 (LOPDGDD), GRUP DE PROMOCI\u00d3 I DISSENY EFEB\u00c9 will require valid, free, unequivocal, specific, and informed consent from their legal guardians to process the personal data of minors. In this case, the ID card or another form of identification of the person giving consent will be required.<\/p>\n<p>In the case of minors over fourteen years of age, the processing of data can proceed with the consent of the user, except in cases where the Law requires the assistance of parents or legal guardians.<\/p>\n<h3>What security measures do we apply to protect your personal data?<\/h3>\n<p>GRUP DE PROMOCI\u00d3 I DISSENY EFEB\u00c9 has adopted the legally required levels of security for the protection of personal data and seeks to install any additional technical means and measures at its disposal to prevent loss, misuse, alteration, unauthorized access, and theft of the personal data provided to GRUP DE PROMOCI\u00d3 I DISSENY EFEB\u00c9.<\/p>\n<p>GRUP DE PROMOCI\u00d3 I DISSENY EFEB\u00c9 is not responsible for hypothetical damages or harms that may arise from interferences, omissions, interruptions, computer viruses, telephone breakdowns, or disconnections in the operational functioning of this electronic system, motivated by causes beyond GRUP DE PROMOCI\u00d3 I DISSENY EFEB\u00c9\u2019s control; delays or blockages in the use of this electronic system caused by deficiencies or overloads of telephone lines or overloads in the Data Processing Center, the Internet system, or other electronic systems, as well as damages that may be caused by third parties through illegitimate intrusions beyond the control of GRUP DE PROMOCI\u00d3 I DISSENY EFEB\u00c9. However, the user must be aware that security measures on the Internet are not impregnable.<\/p>\n<p>Links to other websites<br \/>\nOn the website https:\/\/www.grupefebe.com\/, there may be links to other websites. By clicking on one of these links and accessing an external website, the visit will be subject to the privacy policy of that website, with GRUP DE PROMOCI\u00d3 I DISSENY EFEB\u00c9 being dissociated from any responsibility regarding its privacy policy.<\/p>\n<h3>How do we use cookies?<\/h3>\n<p>The website and social media of GRUP DE PROMOCI\u00d3 I DISSENY EFEB\u00c9 use cookies to optimize and personalize your navigation. Cookies are physical information files that are hosted on the user\u2019s own device. The information collected through cookies is used to facilitate the user\u2019s navigation of the portal and optimize the browsing experience. Data collected through cookies may be shared with their creators, but in no case will the information obtained through them be associated with personal data or data that can identify the user.<\/p>\n<p>However, if the user does not want cookies to be installed on their hard drive, they have the possibility to configure their browser to prevent the installation of these files. For more information, see our Cookie Policy https:\/\/www.grupefebe.com\/politica-de-cookies.<\/p>\n<h3>Can the privacy policy be modified?<\/h3>\n<p>This privacy policy may be modified. We recommend that you review the privacy policy periodically.<\/p>\n","protected":false},"excerpt":{"rendered":"<p>Basic Information on Data Protection Responsible GRUP DE PROMOCI\u00d3 I DISSENY EFEB\u00c9, S.L.U. Purpose Management of newsletter subscriptions Commercial Communications [&hellip;]<\/p>\n","protected":false},"author":2,"featured_media":0,"parent":0,"menu_order":0,"comment_status":"closed","ping_status":"closed","template":"","meta":{"_acf_changed":false,"footnotes":"","_links_to":"","_links_to_target":""},"class_list":["post-25311","page","type-page","status-publish","hentry"],"acf":[],"yoast_head":"<!-- This site is optimized with the Yoast SEO plugin v25.9 - https:\/\/yoast.com\/wordpress\/plugins\/seo\/ -->\n<title>Privacy Policy | Grupo Efeb\u00e9<\/title>\n<meta name=\"robots\" content=\"noindex, nofollow\" \/>\n<meta property=\"og:locale\" content=\"en_US\" \/>\n<meta property=\"og:type\" content=\"article\" \/>\n<meta property=\"og:title\" content=\"Privacy Policy | Grupo Efeb\u00e9\" \/>\n<meta property=\"og:description\" content=\"Basic Information on Data Protection Responsible GRUP DE PROMOCI\u00d3 I DISSENY EFEB\u00c9, S.L.U. Purpose Management of newsletter subscriptions Commercial Communications [&hellip;]\" \/>\n<meta property=\"og:url\" content=\"https:\/\/mail.grupefebe.com\/en\/privacy-policy\/\" \/>\n<meta property=\"og:site_name\" content=\"Grupo Efeb\u00e9\" \/>\n<meta property=\"article:publisher\" content=\"https:\/\/www.facebook.com\/grup.efebe\" \/>\n<meta property=\"article:modified_time\" content=\"2024-07-29T16:44:32+00:00\" \/>\n<meta name=\"twitter:card\" content=\"summary_large_image\" \/>\n<meta name=\"twitter:site\" content=\"@grup_efebe\" \/>\n<meta name=\"twitter:label1\" content=\"Est. reading time\" \/>\n\t<meta name=\"twitter:data1\" content=\"10 minutes\" \/>\n<script type=\"application\/ld+json\" class=\"yoast-schema-graph\">{\"@context\":\"https:\/\/schema.org\",\"@graph\":[{\"@type\":\"WebPage\",\"@id\":\"https:\/\/mail.grupefebe.com\/en\/privacy-policy\/\",\"url\":\"https:\/\/mail.grupefebe.com\/en\/privacy-policy\/\",\"name\":\"Privacy Policy | Grupo Efeb\u00e9\",\"isPartOf\":{\"@id\":\"https:\/\/grupefebe.com\/es\/#website\"},\"datePublished\":\"2024-07-29T16:43:20+00:00\",\"dateModified\":\"2024-07-29T16:44:32+00:00\",\"breadcrumb\":{\"@id\":\"https:\/\/mail.grupefebe.com\/en\/privacy-policy\/#breadcrumb\"},\"inLanguage\":\"en-US\",\"potentialAction\":[{\"@type\":\"ReadAction\",\"target\":[\"https:\/\/mail.grupefebe.com\/en\/privacy-policy\/\"]}]},{\"@type\":\"BreadcrumbList\",\"@id\":\"https:\/\/mail.grupefebe.com\/en\/privacy-policy\/#breadcrumb\",\"itemListElement\":[{\"@type\":\"ListItem\",\"position\":1,\"name\":\"Inici\",\"item\":\"https:\/\/grupefebe.com\/en\/\"},{\"@type\":\"ListItem\",\"position\":2,\"name\":\"Privacy Policy\"}]},{\"@type\":\"WebSite\",\"@id\":\"https:\/\/grupefebe.com\/es\/#website\",\"url\":\"https:\/\/grupefebe.com\/es\/\",\"name\":\"Grup Efeb\u00e9\",\"description\":\"Otro sitio realizado con WordPress\",\"publisher\":{\"@id\":\"https:\/\/grupefebe.com\/es\/#organization\"},\"potentialAction\":[{\"@type\":\"SearchAction\",\"target\":{\"@type\":\"EntryPoint\",\"urlTemplate\":\"https:\/\/grupefebe.com\/es\/?s={search_term_string}\"},\"query-input\":{\"@type\":\"PropertyValueSpecification\",\"valueRequired\":true,\"valueName\":\"search_term_string\"}}],\"inLanguage\":\"en-US\"},{\"@type\":\"Organization\",\"@id\":\"https:\/\/grupefebe.com\/es\/#organization\",\"name\":\"Grup Efeb\u00e9\",\"url\":\"https:\/\/grupefebe.com\/es\/\",\"logo\":{\"@type\":\"ImageObject\",\"inLanguage\":\"en-US\",\"@id\":\"https:\/\/grupefebe.com\/es\/#\/schema\/logo\/image\/\",\"url\":\"https:\/\/grupefebe.com\/custom\/uploads\/2021\/01\/logo-efebe.png\",\"contentUrl\":\"https:\/\/grupefebe.com\/custom\/uploads\/2021\/01\/logo-efebe.png\",\"width\":524,\"height\":135,\"caption\":\"Grup Efeb\u00e9\"},\"image\":{\"@id\":\"https:\/\/grupefebe.com\/es\/#\/schema\/logo\/image\/\"},\"sameAs\":[\"https:\/\/www.facebook.com\/grup.efebe\",\"https:\/\/x.com\/grup_efebe\",\"https:\/\/www.instagram.com\/grup_efebe\/\",\"https:\/\/www.linkedin.com\/company\/grupefebe\",\"https:\/\/www.youtube.com\/channel\/UCj11-LAuLhPfqrL2649Xzrw\"]}]}<\/script>\n<!-- \/ Yoast SEO plugin. -->","yoast_head_json":{"title":"Privacy Policy | Grupo Efeb\u00e9","robots":{"index":"noindex","follow":"nofollow"},"og_locale":"en_US","og_type":"article","og_title":"Privacy Policy | Grupo Efeb\u00e9","og_description":"Basic Information on Data Protection Responsible GRUP DE PROMOCI\u00d3 I DISSENY EFEB\u00c9, S.L.U. Purpose Management of newsletter subscriptions Commercial Communications [&hellip;]","og_url":"https:\/\/mail.grupefebe.com\/en\/privacy-policy\/","og_site_name":"Grupo Efeb\u00e9","article_publisher":"https:\/\/www.facebook.com\/grup.efebe","article_modified_time":"2024-07-29T16:44:32+00:00","twitter_card":"summary_large_image","twitter_site":"@grup_efebe","twitter_misc":{"Est. reading time":"10 minutes"},"schema":{"@context":"https:\/\/schema.org","@graph":[{"@type":"WebPage","@id":"https:\/\/mail.grupefebe.com\/en\/privacy-policy\/","url":"https:\/\/mail.grupefebe.com\/en\/privacy-policy\/","name":"Privacy Policy | Grupo Efeb\u00e9","isPartOf":{"@id":"https:\/\/grupefebe.com\/es\/#website"},"datePublished":"2024-07-29T16:43:20+00:00","dateModified":"2024-07-29T16:44:32+00:00","breadcrumb":{"@id":"https:\/\/mail.grupefebe.com\/en\/privacy-policy\/#breadcrumb"},"inLanguage":"en-US","potentialAction":[{"@type":"ReadAction","target":["https:\/\/mail.grupefebe.com\/en\/privacy-policy\/"]}]},{"@type":"BreadcrumbList","@id":"https:\/\/mail.grupefebe.com\/en\/privacy-policy\/#breadcrumb","itemListElement":[{"@type":"ListItem","position":1,"name":"Inici","item":"https:\/\/grupefebe.com\/en\/"},{"@type":"ListItem","position":2,"name":"Privacy Policy"}]},{"@type":"WebSite","@id":"https:\/\/grupefebe.com\/es\/#website","url":"https:\/\/grupefebe.com\/es\/","name":"Grup Efeb\u00e9","description":"Otro sitio realizado con WordPress","publisher":{"@id":"https:\/\/grupefebe.com\/es\/#organization"},"potentialAction":[{"@type":"SearchAction","target":{"@type":"EntryPoint","urlTemplate":"https:\/\/grupefebe.com\/es\/?s={search_term_string}"},"query-input":{"@type":"PropertyValueSpecification","valueRequired":true,"valueName":"search_term_string"}}],"inLanguage":"en-US"},{"@type":"Organization","@id":"https:\/\/grupefebe.com\/es\/#organization","name":"Grup Efeb\u00e9","url":"https:\/\/grupefebe.com\/es\/","logo":{"@type":"ImageObject","inLanguage":"en-US","@id":"https:\/\/grupefebe.com\/es\/#\/schema\/logo\/image\/","url":"https:\/\/grupefebe.com\/custom\/uploads\/2021\/01\/logo-efebe.png","contentUrl":"https:\/\/grupefebe.com\/custom\/uploads\/2021\/01\/logo-efebe.png","width":524,"height":135,"caption":"Grup Efeb\u00e9"},"image":{"@id":"https:\/\/grupefebe.com\/es\/#\/schema\/logo\/image\/"},"sameAs":["https:\/\/www.facebook.com\/grup.efebe","https:\/\/x.com\/grup_efebe","https:\/\/www.instagram.com\/grup_efebe\/","https:\/\/www.linkedin.com\/company\/grupefebe","https:\/\/www.youtube.com\/channel\/UCj11-LAuLhPfqrL2649Xzrw"]}]}},"_links":{"self":[{"href":"https:\/\/mail.grupefebe.com\/en\/wp-json\/wp\/v2\/pages\/25311","targetHints":{"allow":["GET"]}}],"collection":[{"href":"https:\/\/mail.grupefebe.com\/en\/wp-json\/wp\/v2\/pages"}],"about":[{"href":"https:\/\/mail.grupefebe.com\/en\/wp-json\/wp\/v2\/types\/page"}],"author":[{"embeddable":true,"href":"https:\/\/mail.grupefebe.com\/en\/wp-json\/wp\/v2\/users\/2"}],"replies":[{"embeddable":true,"href":"https:\/\/mail.grupefebe.com\/en\/wp-json\/wp\/v2\/comments?post=25311"}],"version-history":[{"count":3,"href":"https:\/\/mail.grupefebe.com\/en\/wp-json\/wp\/v2\/pages\/25311\/revisions"}],"predecessor-version":[{"id":25314,"href":"https:\/\/mail.grupefebe.com\/en\/wp-json\/wp\/v2\/pages\/25311\/revisions\/25314"}],"wp:attachment":[{"href":"https:\/\/mail.grupefebe.com\/en\/wp-json\/wp\/v2\/media?parent=25311"}],"curies":[{"name":"wp","href":"https:\/\/api.w.org\/{rel}","templated":true}]}}