{"id":25315,"date":"2024-07-29T16:46:03","date_gmt":"2024-07-29T16:46:03","guid":{"rendered":"https:\/\/www.grupefebe.com\/?page_id=25315"},"modified":"2024-07-29T16:46:26","modified_gmt":"2024-07-29T16:46:26","slug":"legal-notice","status":"publish","type":"page","link":"https:\/\/mail.grupefebe.com\/en\/legal-notice\/","title":{"rendered":"Legal Notice"},"content":{"rendered":"<p>In compliance with the duty of information contained in article 10 of Law 34\/2002, of July 11, on Information Society Services and Electronic Commerce, we inform you that the Website and the Internet portal https:\/ \/www.grupefebe.com\/ (hereinafter, the \u201cWebsite\u201d) is owned by GRUP DE PROMOCI\u00d3 I DISSENY EFEB\u00c9, S.L.U., with registered office at C\/ Villar, 74, LC, 2b with CIF number B61575825. This legal notice regulates the conditions of use of the aforementioned Internet portal.<\/p>\n<p>This legal notice regulates the use of the domain either with its current name https:\/\/www.grupefebe.com\/ or with any other name that may appear in the future, as well as the responsibilities derived from the authorization of GRUP DE itself. PROMOCI\u00d3 I DISSENY EFEB\u00c9 respects your privacy and strives to offer you a secure customer experience.<\/p>\n<p>&nbsp;<\/p>\n<p><strong>Users<\/strong><\/p>\n<p>\u201cUser\u201d is understood to be the person, whether physical or legal, who accesses, browses, uses or participates in the services and activities, free or expensive, developed through this Website.<\/p>\n<p>&nbsp;<\/p>\n<p><strong>Applicable law and jurisdiction<\/strong><\/p>\n<p>In general, the relations between GRUP DE PROMOCI\u00d3 I DISSENY EFEB\u00c9 and the users of its telematic services, present on the website, are subject to Spanish legislation and jurisdiction.<\/p>\n<p>The parties expressly renounce any jurisdiction that may apply to them and expressly submit to the Courts and Tribunals of Barcelona to resolve any controversy that may arise in the interpretation or execution of these contractual conditions.<\/p>\n<p>&nbsp;<\/p>\n<p><strong>User acceptance<\/strong><\/p>\n<p>This Legal Notice regulates access and use of the website that GRUP DE PROMOCI\u00d3 I DISSENY EFEB\u00c9 makes available to Internet users. The person who accesses, browses, uses or participates in the services and activities of the website is considered a user.<\/p>\n<p>The user is informed, and accepts, that access to this website does not imply, in any way, the beginning of a commercial relationship with GRUP DE PROMOCI\u00d3 I DISSENY EFEB\u00c9.<\/p>\n<p>Access and navigation on the website by the user implies acceptance of all of these Conditions of Use. In case of disagreement with the conditions, you must refrain from using the website.<\/p>\n<p>&nbsp;<\/p>\n<p><strong>Web access<\/strong><\/p>\n<p>Access to the website by users is free of charge. Some services may be subject to prior contracting of the service.<\/p>\n<p>If it is necessary for the user to provide personal data to access any of the services, the collection and processing of the data will be carried out in accordance with current regulations, specifically the RGPD. For more information, consult our privacy policy https:\/\/www.grupefebe.com\/.<\/p>\n<p>&nbsp;<\/p>\n<p><strong>Content and use<\/strong><\/p>\n<p>We ask you to carefully read the Legal Notice, our Cookies Policy and our Privacy Policy before using this website. By accessing and using it, you agree to be bound by the cited texts. If you have any questions related to the above, you can contact GRUP DE PROMOCI\u00d3 I DISSENY EFEB\u00c9 through the contact methods provided in this text.<\/p>\n<p>The visit to the website by the user must be done responsibly and in accordance with current legislation, good faith, this Legal Notice and respecting the intellectual and industrial property rights owned by GRUP DE PROMOCI\u00d3 I DISSENY EFEB\u00c9 or any other natural or legal persons.<\/p>\n<p>The user agrees to provide GRUP DE PROMOCI\u00d3 I DISSENY EFEB\u00c9. your contact information truthfully and accurately (email and other necessary contact information), as well as not to provide false, fraudulent or illicit information or documentation.<\/p>\n<p>The use of any of the contents of the website for purposes that are or could be illicit is totally prohibited, as is the performance of any action that causes or may cause damage or alterations of any kind not consented to by GRUP DE PROMOCI\u00d3 I DISSENY EFEB\u00c9, to the website or its contents.<\/p>\n<p>Any breach of the clauses contained in this Website (Legal Notice, Privacy Policy, Cookies Policy, as well as other content that contains obligations for the user), as well as any breach of the law in force in Spain, will be communicated in a manner immediately to the relevant authorities, by. GRUP DE PROMOCI\u00d3 I DISSENY EFEB\u00c9, committing to cooperate with them.<\/p>\n<p>No one should misuse this website by intentionally introducing programs or technological materials that are harmful or harmful to it (for example, viruses or Trojans). Unauthorized access to the server where information about the website is hosted or related is not permitted. In the same way, it is totally prohibited to carry out denial attacks.<\/p>\n<p>&nbsp;<\/p>\n<p><strong>Personal data protection<\/strong><\/p>\n<p>The information or personal data provided through this website will be treated in accordance with the provisions of the Privacy Policy, as well as in accordance with current legislation on the same.<\/p>\n<p>The personal data provided by the user through this website will form part of the files and activity records of the owner thereof and will be treated in accordance with the provisions of the Privacy Policy for the purposes indicated for each case. Said information will be confidential and secret, and may not be revealed to outside third parties, without legally justified cause or express authorization of the user in question.<\/p>\n<p>The user has the right to access, opposition, rectification, cancellation, revocation, limitation and portability of their personal data through the email address;<\/p>\n<p>For more information you can consult our\u00a0<a href=\"https:\/\/www.sfabogados.com\/politica-de-privacidad\">Privacy policy.<\/a><\/p>\n<p>&nbsp;<\/p>\n<p><strong>Intellectual and industrial property<\/strong><\/p>\n<p>The intellectual property rights of the content of the web pages, their graphic design and codes are owned by GRUP DE PROMOCI\u00d3 I DISSENY EFEB\u00c9 and, therefore, their reproduction, distribution, public communication, transformation or any other activity carried out with the contents of the website, not even if the sources are cited, unless there is prior, express and written consent from GRUP DE PROMOCI\u00d3 I DISSENY EFEB\u00c9. All trade names, brands or distinctive signs of any kind contained on the company\u2019s websites are the property of their owners and are protected by law.<\/p>\n<p>GRUP DE PROMOCI\u00d3 I DISSENY EFEB\u00c9 does not grant any license or authorization of use of any kind over its intellectual and industrial property rights or any other property or right related to the website, and in no case will it be understood that access and navigation of users implies a total or partial waiver, transmission, license or assignment of said rights by GRUP DE PROMOCI\u00d3 I DISSENY EFEB\u00c9.<\/p>\n<p>Any use of these contents not previously authorized by GRUP DE PROMOCI\u00d3 I DISSENY EFEB\u00c9 will be considered a serious breach of intellectual or industrial property rights and will give rise to legally established responsibilities. GRUP DE PROMOCI\u00d3 I DISSENY EFEB\u00c9 reserves the right to exercise the corresponding judicial and extrajudicial actions against the user.<\/p>\n<p>&nbsp;<\/p>\n<p><strong>Responsibility and guarantees<\/strong><\/p>\n<p>GRUP DE PROMOCI\u00d3 I DISSENY EFEB\u00c9 declares that it has adopted the necessary measures that, within its possibilities and the state of technology, allow the correct functioning of its website as well as the absence of viruses and harmful components. However, GRUP DE PROMOCI\u00d3 I DISSENY EFEB\u00c9 cannot be held responsible for the following situations that are listed by way of example, but not limited to:<\/p>\n<ul>\n<li style=\"list-style-type: none;\">\n<ul>\n<li>The continuity and availability of the Contents.<\/li>\n<li>The absence of errors in said Contents nor the correction of any defect that may occur.<\/li>\n<li>The absence of viruses and\/or other harmful components.<\/li>\n<li>The damages or losses caused by any person who violates the security systems of GRUP DE PROMOCI\u00d3 I DISSENY EFEB\u00c9.<\/li>\n<li>The use that users can make of the content included on the website. Consequently, GRUP DE PROMOCI\u00d3 I DISSENY EFEB\u00c9 does not guarantee that the use that users may make of the contents that are included in the website, if applicable, comply with this legal notice, nor that the use of the website is carried out in an diligent.<\/li>\n<li>The use by minors of the website or the sending of their personal data without the permission of their guardians, with the guardians being responsible for their use of the Internet.<\/li>\n<\/ul>\n<\/li>\n<\/ul>\n<p>The content that the user can access through unauthorized links or introduced by users through comments or similar tools.<\/p>\n<ul>\n<li>The introduction of erroneous data by the user or a third party.<\/li>\n<\/ul>\n<p>GRUP DE PROMOCI\u00d3 I DISSENY EFEB\u00c9 may temporarily suspend, without prior notice, accessibility to the website for maintenance, repair, update or improvement operations. However, whenever circumstances permit, GRUP DE PROMOCI\u00d3 I DISSENY EFEB\u00c9 will inform the user, with sufficient advance notice, of the planned date for the suspension of the content.<\/p>\n<p>Likewise, in accordance with Arts. 11 and 16 of Law 34\/2002, of July 11, on information society services and electronic commerce (LSSICE), GRUP DE PROMOCI\u00d3 I DISSENY EFEB\u00c9 undertakes to eliminate or, where appropriate, block content that could affect or be contrary to current legislation, the rights of third parties or morality and public order.<\/p>\n<p>&nbsp;<\/p>\n<p><strong>Page Quality<\/strong><\/p>\n<p>PROMOTION GROUP I DESIGN EFEB\u00c9. It uses all its means to ensure that the content and information provided through this website meets the standards of quality, veracity, accuracy, reliability, usefulness and timeliness. However, due to the constant dynamics to which the information contained is subject, complete compliance with said standards is not guaranteed at all times, although the best efforts will be made to do so, and if necessary, we will proceed to the appropriate correction and\/or update as soon as possible.<\/p>\n<p>Likewise, mere access to the information contained on this website does not bind the user in any way, and therefore does not generate any contractual commitment. Access to said information is only for informational, advisory and\/or advertising purposes.<\/p>\n<p>&nbsp;<\/p>\n<p><strong>Cookies<\/strong><\/p>\n<p>GRUP DE PROMOCI\u00d3 I DISSENY EFEB\u00c9 uses cookies in order to optimize and personalize your navigation through the website. Cookies are physical information files that are hosted on the user\u2019s own terminal. The information collected through cookies serves to facilitate the user\u2019s navigation through the portal and optimize the browsing experience. The data collected through cookies can be shared with their creators, but in no case will the information obtained by them be associated with personal data or data that can identify the user.<\/p>\n<p>However, if the user does not want cookies to be installed on their hard drive, they have the option of configuring the browser in such a way as to prevent the installation of these files. For more information see our Cookies Policy https:\/\/www.grupefebe.com\/politica-de-cookies.<\/p>\n<p>&nbsp;<\/p>\n<p><strong>Links<\/strong><\/p>\n<p>The presence of links on the GRUP DE PROMOCI\u00d3 I DISSENY EFEB\u00c9 website to other Internet sites is for informational purposes only and in no case does it imply a suggestion, invitation or recommendation regarding them. GRUP DE PROMOCI\u00d3 I DISSENY EFEB\u00c9 will not assume responsibility for the contents of a link belonging to a third-party website, nor will it guarantee its reliability, accuracy, breadth, veracity, validity and technical availability.<\/p>\n<p>In the event that links are established on other websites to the GRUP DE PROMOCI\u00d3 I DISSENY EFEB\u00c9 website, it will not be understood that GRUP DE PROMOCI\u00d3 I DISSENY EFEB\u00c9 has authorized the link or the content of the website on which the website is contained. link, inappropriate, defamatory, illegal, obscene or illicit content, nor other content that is contrary to current legislation, may not be included on the link page.<\/p>\n<p>GRUP DE PROMOCI\u00d3 I DISSENY EFEB\u00c9 reserves the right to contact the owner of the website on which the link is established if it considers that the regulations are being breached, as well as to take the corresponding judicial and extrajudicial actions.<\/p>\n<p>&nbsp;<\/p>\n<p><strong>Modification of conditions<\/strong><\/p>\n<p>GRUP DE PROMOCI\u00d3 I DISSENY EFEB\u00c9 expressly reserves the right to unilaterally modify, totally or partially, without prior notice, this Legal Notice, producing effects from the moment of its publication. And the user acknowledges and accepts that it is their responsibility to periodically review this Legal Notice.<\/p>\n<p>The Website is indefinite in nature as far as Internet viewing is concerned. However, regarding its content, the company reserves the right to make any modifications it deems appropriate without prior notice, and may change, delete or add both the content and services provided through it, as well as the way in which they appear presented or located.<\/p>\n","protected":false},"excerpt":{"rendered":"<p>In compliance with the duty of information contained in article 10 of Law 34\/2002, of July 11, on Information Society [&hellip;]<\/p>\n","protected":false},"author":2,"featured_media":0,"parent":0,"menu_order":0,"comment_status":"closed","ping_status":"closed","template":"","meta":{"_acf_changed":false,"footnotes":"","_links_to":"","_links_to_target":""},"class_list":["post-25315","page","type-page","status-publish","hentry"],"acf":[],"yoast_head":"<!-- This site is optimized with the Yoast SEO plugin v25.9 - https:\/\/yoast.com\/wordpress\/plugins\/seo\/ -->\n<title>Legal Notice | Grupo Efeb\u00e9<\/title>\n<meta name=\"robots\" content=\"noindex, nofollow\" \/>\n<meta property=\"og:locale\" content=\"en_US\" \/>\n<meta property=\"og:type\" content=\"article\" \/>\n<meta property=\"og:title\" content=\"Legal Notice | Grupo Efeb\u00e9\" \/>\n<meta property=\"og:description\" content=\"In compliance with the duty of information contained in article 10 of Law 34\/2002, of July 11, on Information Society [&hellip;]\" \/>\n<meta property=\"og:url\" content=\"https:\/\/mail.grupefebe.com\/en\/legal-notice\/\" \/>\n<meta property=\"og:site_name\" content=\"Grupo Efeb\u00e9\" \/>\n<meta property=\"article:publisher\" content=\"https:\/\/www.facebook.com\/grup.efebe\" \/>\n<meta property=\"article:modified_time\" content=\"2024-07-29T16:46:26+00:00\" \/>\n<meta name=\"twitter:card\" content=\"summary_large_image\" \/>\n<meta name=\"twitter:site\" content=\"@grup_efebe\" \/>\n<meta name=\"twitter:label1\" content=\"Est. reading time\" \/>\n\t<meta name=\"twitter:data1\" content=\"9 minutes\" \/>\n<script type=\"application\/ld+json\" class=\"yoast-schema-graph\">{\"@context\":\"https:\/\/schema.org\",\"@graph\":[{\"@type\":\"WebPage\",\"@id\":\"https:\/\/mail.grupefebe.com\/en\/legal-notice\/\",\"url\":\"https:\/\/mail.grupefebe.com\/en\/legal-notice\/\",\"name\":\"Legal Notice | Grupo Efeb\u00e9\",\"isPartOf\":{\"@id\":\"https:\/\/grupefebe.com\/es\/#website\"},\"datePublished\":\"2024-07-29T16:46:03+00:00\",\"dateModified\":\"2024-07-29T16:46:26+00:00\",\"breadcrumb\":{\"@id\":\"https:\/\/mail.grupefebe.com\/en\/legal-notice\/#breadcrumb\"},\"inLanguage\":\"en-US\",\"potentialAction\":[{\"@type\":\"ReadAction\",\"target\":[\"https:\/\/mail.grupefebe.com\/en\/legal-notice\/\"]}]},{\"@type\":\"BreadcrumbList\",\"@id\":\"https:\/\/mail.grupefebe.com\/en\/legal-notice\/#breadcrumb\",\"itemListElement\":[{\"@type\":\"ListItem\",\"position\":1,\"name\":\"Inici\",\"item\":\"https:\/\/grupefebe.com\/en\/\"},{\"@type\":\"ListItem\",\"position\":2,\"name\":\"Legal Notice\"}]},{\"@type\":\"WebSite\",\"@id\":\"https:\/\/grupefebe.com\/es\/#website\",\"url\":\"https:\/\/grupefebe.com\/es\/\",\"name\":\"Grup Efeb\u00e9\",\"description\":\"Otro sitio realizado con WordPress\",\"publisher\":{\"@id\":\"https:\/\/grupefebe.com\/es\/#organization\"},\"potentialAction\":[{\"@type\":\"SearchAction\",\"target\":{\"@type\":\"EntryPoint\",\"urlTemplate\":\"https:\/\/grupefebe.com\/es\/?s={search_term_string}\"},\"query-input\":{\"@type\":\"PropertyValueSpecification\",\"valueRequired\":true,\"valueName\":\"search_term_string\"}}],\"inLanguage\":\"en-US\"},{\"@type\":\"Organization\",\"@id\":\"https:\/\/grupefebe.com\/es\/#organization\",\"name\":\"Grup Efeb\u00e9\",\"url\":\"https:\/\/grupefebe.com\/es\/\",\"logo\":{\"@type\":\"ImageObject\",\"inLanguage\":\"en-US\",\"@id\":\"https:\/\/grupefebe.com\/es\/#\/schema\/logo\/image\/\",\"url\":\"https:\/\/grupefebe.com\/custom\/uploads\/2021\/01\/logo-efebe.png\",\"contentUrl\":\"https:\/\/grupefebe.com\/custom\/uploads\/2021\/01\/logo-efebe.png\",\"width\":524,\"height\":135,\"caption\":\"Grup Efeb\u00e9\"},\"image\":{\"@id\":\"https:\/\/grupefebe.com\/es\/#\/schema\/logo\/image\/\"},\"sameAs\":[\"https:\/\/www.facebook.com\/grup.efebe\",\"https:\/\/x.com\/grup_efebe\",\"https:\/\/www.instagram.com\/grup_efebe\/\",\"https:\/\/www.linkedin.com\/company\/grupefebe\",\"https:\/\/www.youtube.com\/channel\/UCj11-LAuLhPfqrL2649Xzrw\"]}]}<\/script>\n<!-- \/ Yoast SEO plugin. -->","yoast_head_json":{"title":"Legal Notice | Grupo Efeb\u00e9","robots":{"index":"noindex","follow":"nofollow"},"og_locale":"en_US","og_type":"article","og_title":"Legal Notice | Grupo Efeb\u00e9","og_description":"In compliance with the duty of information contained in article 10 of Law 34\/2002, of July 11, on Information Society [&hellip;]","og_url":"https:\/\/mail.grupefebe.com\/en\/legal-notice\/","og_site_name":"Grupo Efeb\u00e9","article_publisher":"https:\/\/www.facebook.com\/grup.efebe","article_modified_time":"2024-07-29T16:46:26+00:00","twitter_card":"summary_large_image","twitter_site":"@grup_efebe","twitter_misc":{"Est. reading time":"9 minutes"},"schema":{"@context":"https:\/\/schema.org","@graph":[{"@type":"WebPage","@id":"https:\/\/mail.grupefebe.com\/en\/legal-notice\/","url":"https:\/\/mail.grupefebe.com\/en\/legal-notice\/","name":"Legal Notice | Grupo Efeb\u00e9","isPartOf":{"@id":"https:\/\/grupefebe.com\/es\/#website"},"datePublished":"2024-07-29T16:46:03+00:00","dateModified":"2024-07-29T16:46:26+00:00","breadcrumb":{"@id":"https:\/\/mail.grupefebe.com\/en\/legal-notice\/#breadcrumb"},"inLanguage":"en-US","potentialAction":[{"@type":"ReadAction","target":["https:\/\/mail.grupefebe.com\/en\/legal-notice\/"]}]},{"@type":"BreadcrumbList","@id":"https:\/\/mail.grupefebe.com\/en\/legal-notice\/#breadcrumb","itemListElement":[{"@type":"ListItem","position":1,"name":"Inici","item":"https:\/\/grupefebe.com\/en\/"},{"@type":"ListItem","position":2,"name":"Legal Notice"}]},{"@type":"WebSite","@id":"https:\/\/grupefebe.com\/es\/#website","url":"https:\/\/grupefebe.com\/es\/","name":"Grup Efeb\u00e9","description":"Otro sitio realizado con WordPress","publisher":{"@id":"https:\/\/grupefebe.com\/es\/#organization"},"potentialAction":[{"@type":"SearchAction","target":{"@type":"EntryPoint","urlTemplate":"https:\/\/grupefebe.com\/es\/?s={search_term_string}"},"query-input":{"@type":"PropertyValueSpecification","valueRequired":true,"valueName":"search_term_string"}}],"inLanguage":"en-US"},{"@type":"Organization","@id":"https:\/\/grupefebe.com\/es\/#organization","name":"Grup Efeb\u00e9","url":"https:\/\/grupefebe.com\/es\/","logo":{"@type":"ImageObject","inLanguage":"en-US","@id":"https:\/\/grupefebe.com\/es\/#\/schema\/logo\/image\/","url":"https:\/\/grupefebe.com\/custom\/uploads\/2021\/01\/logo-efebe.png","contentUrl":"https:\/\/grupefebe.com\/custom\/uploads\/2021\/01\/logo-efebe.png","width":524,"height":135,"caption":"Grup Efeb\u00e9"},"image":{"@id":"https:\/\/grupefebe.com\/es\/#\/schema\/logo\/image\/"},"sameAs":["https:\/\/www.facebook.com\/grup.efebe","https:\/\/x.com\/grup_efebe","https:\/\/www.instagram.com\/grup_efebe\/","https:\/\/www.linkedin.com\/company\/grupefebe","https:\/\/www.youtube.com\/channel\/UCj11-LAuLhPfqrL2649Xzrw"]}]}},"_links":{"self":[{"href":"https:\/\/mail.grupefebe.com\/en\/wp-json\/wp\/v2\/pages\/25315","targetHints":{"allow":["GET"]}}],"collection":[{"href":"https:\/\/mail.grupefebe.com\/en\/wp-json\/wp\/v2\/pages"}],"about":[{"href":"https:\/\/mail.grupefebe.com\/en\/wp-json\/wp\/v2\/types\/page"}],"author":[{"embeddable":true,"href":"https:\/\/mail.grupefebe.com\/en\/wp-json\/wp\/v2\/users\/2"}],"replies":[{"embeddable":true,"href":"https:\/\/mail.grupefebe.com\/en\/wp-json\/wp\/v2\/comments?post=25315"}],"version-history":[{"count":2,"href":"https:\/\/mail.grupefebe.com\/en\/wp-json\/wp\/v2\/pages\/25315\/revisions"}],"predecessor-version":[{"id":25317,"href":"https:\/\/mail.grupefebe.com\/en\/wp-json\/wp\/v2\/pages\/25315\/revisions\/25317"}],"wp:attachment":[{"href":"https:\/\/mail.grupefebe.com\/en\/wp-json\/wp\/v2\/media?parent=25315"}],"curies":[{"name":"wp","href":"https:\/\/api.w.org\/{rel}","templated":true}]}}